{"id":4141,"date":"2026-04-07T17:08:50","date_gmt":"2026-04-07T15:08:50","guid":{"rendered":"https:\/\/it2502.sspu-opava.eu\/?page_id=4141"},"modified":"2026-04-07T20:03:36","modified_gmt":"2026-04-07T18:03:36","slug":"aeroklub-zabreh","status":"publish","type":"page","link":"https:\/\/it2502.sspu-opava.eu\/","title":{"rendered":"Aeroklub Z\u00e1b\u0159eh"},"content":{"rendered":"","protected":false},"excerpt":{"rendered":"","protected":false},"author":1,"featured_media":4157,"parent":0,"menu_order":0,"comment_status":"closed","ping_status":"closed","template":"page-templates\/template-pagebuilder-full-width.php","meta":{"footnotes":""},"class_list":["post-4141","page","type-page","status-publish","has-post-thumbnail","hentry"],"yoast_head":"<!-- This site is optimized with the Yoast SEO plugin v27.2 - https:\/\/yoast.com\/product\/yoast-seo-wordpress\/ -->\n<title>Aeroklub Z\u00e1b\u0159eh - webbb<\/title>\n<meta name=\"robots\" content=\"noindex, follow, max-snippet:-1, max-image-preview:large, max-video-preview:-1\" \/>\n<meta property=\"og:locale\" content=\"cs_CZ\" \/>\n<meta property=\"og:type\" content=\"article\" \/>\n<meta property=\"og:title\" content=\"Aeroklub Z\u00e1b\u0159eh - webbb\" \/>\n<meta property=\"og:url\" content=\"https:\/\/it2502.sspu-opava.eu\/\" \/>\n<meta property=\"og:site_name\" content=\"webbb\" \/>\n<meta property=\"article:modified_time\" content=\"2026-04-07T18:03:36+00:00\" \/>\n<meta property=\"og:image\" content=\"https:\/\/it2502.sspu-opava.eu\/wp-content\/uploads\/2026\/04\/galerie-lkz-008.jpg\" \/>\n\t<meta property=\"og:image:width\" content=\"1600\" \/>\n\t<meta property=\"og:image:height\" content=\"1066\" \/>\n\t<meta property=\"og:image:type\" content=\"image\/jpeg\" \/>\n<meta name=\"twitter:card\" content=\"summary_large_image\" \/>\n<meta name=\"twitter:label1\" content=\"Odhadovan\u00e1 doba \u010dten\u00ed\" \/>\n\t<meta name=\"twitter:data1\" content=\"1 minuta\" \/>\n<script type=\"application\/ld+json\" class=\"yoast-schema-graph\">{\"@context\":\"https:\/\/schema.org\",\"@graph\":[{\"@type\":\"WebPage\",\"@id\":\"https:\/\/it2502.sspu-opava.eu\/\",\"url\":\"https:\/\/it2502.sspu-opava.eu\/\",\"name\":\"Aeroklub Z\u00e1b\u0159eh - webbb\",\"isPartOf\":{\"@id\":\"https:\/\/it2502.sspu-opava.eu\/#website\"},\"primaryImageOfPage\":{\"@id\":\"https:\/\/it2502.sspu-opava.eu\/#primaryimage\"},\"image\":{\"@id\":\"https:\/\/it2502.sspu-opava.eu\/#primaryimage\"},\"thumbnailUrl\":\"https:\/\/it2502.sspu-opava.eu\/wp-content\/uploads\/2026\/04\/galerie-lkz-008.jpg\",\"datePublished\":\"2026-04-07T15:08:50+00:00\",\"dateModified\":\"2026-04-07T18:03:36+00:00\",\"breadcrumb\":{\"@id\":\"https:\/\/it2502.sspu-opava.eu\/#breadcrumb\"},\"inLanguage\":\"cs\",\"potentialAction\":[{\"@type\":\"ReadAction\",\"target\":[\"https:\/\/it2502.sspu-opava.eu\/\"]}]},{\"@type\":\"ImageObject\",\"inLanguage\":\"cs\",\"@id\":\"https:\/\/it2502.sspu-opava.eu\/#primaryimage\",\"url\":\"https:\/\/it2502.sspu-opava.eu\/wp-content\/uploads\/2026\/04\/galerie-lkz-008.jpg\",\"contentUrl\":\"https:\/\/it2502.sspu-opava.eu\/wp-content\/uploads\/2026\/04\/galerie-lkz-008.jpg\",\"width\":1600,\"height\":1066},{\"@type\":\"BreadcrumbList\",\"@id\":\"https:\/\/it2502.sspu-opava.eu\/#breadcrumb\",\"itemListElement\":[{\"@type\":\"ListItem\",\"position\":1,\"name\":\"Dom\u016f\",\"item\":\"https:\/\/it2502.sspu-opava.eu\/\"},{\"@type\":\"ListItem\",\"position\":2,\"name\":\"Aeroklub Z\u00e1b\u0159eh\"}]},{\"@type\":\"WebSite\",\"@id\":\"https:\/\/it2502.sspu-opava.eu\/#website\",\"url\":\"https:\/\/it2502.sspu-opava.eu\/\",\"name\":\"webbb\",\"description\":\"\",\"potentialAction\":[{\"@type\":\"SearchAction\",\"target\":{\"@type\":\"EntryPoint\",\"urlTemplate\":\"https:\/\/it2502.sspu-opava.eu\/?s={search_term_string}\"},\"query-input\":{\"@type\":\"PropertyValueSpecification\",\"valueRequired\":true,\"valueName\":\"search_term_string\"}}],\"inLanguage\":\"cs\"}]}<\/script>\n<!-- \/ Yoast SEO plugin. -->","yoast_head_json":{"title":"Aeroklub Z\u00e1b\u0159eh - webbb","robots":{"index":"noindex","follow":"follow","max-snippet":"max-snippet:-1","max-image-preview":"max-image-preview:large","max-video-preview":"max-video-preview:-1"},"og_locale":"cs_CZ","og_type":"article","og_title":"Aeroklub Z\u00e1b\u0159eh - webbb","og_url":"https:\/\/it2502.sspu-opava.eu\/","og_site_name":"webbb","article_modified_time":"2026-04-07T18:03:36+00:00","og_image":[{"width":1600,"height":1066,"url":"https:\/\/it2502.sspu-opava.eu\/wp-content\/uploads\/2026\/04\/galerie-lkz-008.jpg","type":"image\/jpeg"}],"twitter_card":"summary_large_image","twitter_misc":{"Odhadovan\u00e1 doba \u010dten\u00ed":"1 minuta"},"schema":{"@context":"https:\/\/schema.org","@graph":[{"@type":"WebPage","@id":"https:\/\/it2502.sspu-opava.eu\/","url":"https:\/\/it2502.sspu-opava.eu\/","name":"Aeroklub Z\u00e1b\u0159eh - webbb","isPartOf":{"@id":"https:\/\/it2502.sspu-opava.eu\/#website"},"primaryImageOfPage":{"@id":"https:\/\/it2502.sspu-opava.eu\/#primaryimage"},"image":{"@id":"https:\/\/it2502.sspu-opava.eu\/#primaryimage"},"thumbnailUrl":"https:\/\/it2502.sspu-opava.eu\/wp-content\/uploads\/2026\/04\/galerie-lkz-008.jpg","datePublished":"2026-04-07T15:08:50+00:00","dateModified":"2026-04-07T18:03:36+00:00","breadcrumb":{"@id":"https:\/\/it2502.sspu-opava.eu\/#breadcrumb"},"inLanguage":"cs","potentialAction":[{"@type":"ReadAction","target":["https:\/\/it2502.sspu-opava.eu\/"]}]},{"@type":"ImageObject","inLanguage":"cs","@id":"https:\/\/it2502.sspu-opava.eu\/#primaryimage","url":"https:\/\/it2502.sspu-opava.eu\/wp-content\/uploads\/2026\/04\/galerie-lkz-008.jpg","contentUrl":"https:\/\/it2502.sspu-opava.eu\/wp-content\/uploads\/2026\/04\/galerie-lkz-008.jpg","width":1600,"height":1066},{"@type":"BreadcrumbList","@id":"https:\/\/it2502.sspu-opava.eu\/#breadcrumb","itemListElement":[{"@type":"ListItem","position":1,"name":"Dom\u016f","item":"https:\/\/it2502.sspu-opava.eu\/"},{"@type":"ListItem","position":2,"name":"Aeroklub Z\u00e1b\u0159eh"}]},{"@type":"WebSite","@id":"https:\/\/it2502.sspu-opava.eu\/#website","url":"https:\/\/it2502.sspu-opava.eu\/","name":"webbb","description":"","potentialAction":[{"@type":"SearchAction","target":{"@type":"EntryPoint","urlTemplate":"https:\/\/it2502.sspu-opava.eu\/?s={search_term_string}"},"query-input":{"@type":"PropertyValueSpecification","valueRequired":true,"valueName":"search_term_string"}}],"inLanguage":"cs"}]}},"_links":{"self":[{"href":"https:\/\/it2502.sspu-opava.eu\/index.php?rest_route=\/wp\/v2\/pages\/4141","targetHints":{"allow":["GET"]}}],"collection":[{"href":"https:\/\/it2502.sspu-opava.eu\/index.php?rest_route=\/wp\/v2\/pages"}],"about":[{"href":"https:\/\/it2502.sspu-opava.eu\/index.php?rest_route=\/wp\/v2\/types\/page"}],"author":[{"embeddable":true,"href":"https:\/\/it2502.sspu-opava.eu\/index.php?rest_route=\/wp\/v2\/users\/1"}],"replies":[{"embeddable":true,"href":"https:\/\/it2502.sspu-opava.eu\/index.php?rest_route=%2Fwp%2Fv2%2Fcomments&post=4141"}],"version-history":[{"count":1,"href":"https:\/\/it2502.sspu-opava.eu\/index.php?rest_route=\/wp\/v2\/pages\/4141\/revisions"}],"predecessor-version":[{"id":4142,"href":"https:\/\/it2502.sspu-opava.eu\/index.php?rest_route=\/wp\/v2\/pages\/4141\/revisions\/4142"}],"wp:featuredmedia":[{"embeddable":true,"href":"https:\/\/it2502.sspu-opava.eu\/index.php?rest_route=\/wp\/v2\/media\/4157"}],"wp:attachment":[{"href":"https:\/\/it2502.sspu-opava.eu\/index.php?rest_route=%2Fwp%2Fv2%2Fmedia&parent=4141"}],"curies":[{"name":"wp","href":"https:\/\/api.w.org\/{rel}","templated":true}]}}