{"id":4158,"date":"2026-04-07T18:31:12","date_gmt":"2026-04-07T16:31:12","guid":{"rendered":"https:\/\/it2502.sspu-opava.eu\/?page_id=4158"},"modified":"2026-04-07T20:26:37","modified_gmt":"2026-04-07T18:26:37","slug":"o-nas","status":"publish","type":"page","link":"https:\/\/it2502.sspu-opava.eu\/?page_id=4158","title":{"rendered":"O n\u00e1s"},"content":{"rendered":"<section style=\"max-width: 1100px; margin: 0 auto; padding: 80px 20px;\">\n<div style=\"display: flex; align-items: center; gap: 60px; flex-wrap: wrap;\">\n<p>    <!-- TEXT --><\/p>\n<div style=\"flex: 1; min-width: 300px;\">\n<p>      <!-- LOGO --><br \/>\n      <img decoding=\"async\"\n        src=\"https:\/\/letani-zabreh.cz\/wp-content\/uploads\/elementor\/thumbs\/logo-klz-1-r0atyo710rajmc8ytfyuidxbi07ayeltf9mfv57t34.png\"\n        alt=\"Logo Aeroklubu Z\u00e1b\u0159eh\"\n        style=\"width: 120px; margin-bottom: 24px; display: block;\"\n      ><\/p>\n<p>      <!-- NADPIS --><\/p>\n<h1 style=\"font-size: 42px; line-height: 1.2; margin: 0 0 24px 0; color: #1f3b5b;\">\n        O n\u00e1s<br \/>\n      <\/h1>\n<p>      <!-- TEXT --><\/p>\n<p style=\"font-size: 19px; line-height: 1.8; margin: 0 0 18px 0; color: #333;\">\n        Psal se rok 2013, kdy do party pilot\u016f p\u0159i\u0161el Bob \u2013 nov\u00e1\u010dek, srdca\u0159 a nad\u0161enec pro l\u00e9t\u00e1n\u00ed.<br \/>\n        Vid\u011bl potenci\u00e1l ve \u0160kole l\u00e9t\u00e1n\u00ed Ing. Borise Langa a polo\u017eil z\u00e1klady my\u0161lenky klubu rekrea\u010dn\u00edho l\u00e9t\u00e1n\u00ed.\n      <\/p>\n<p style=\"font-size: 19px; line-height: 1.8; margin: 0 0 18px 0; color: #333;\">\n        Dne 3. listopadu 2014 vznikl Klub l\u00e9t\u00e1n\u00ed Z\u00e1b\u0159eh-Doln\u00ed Bene\u0161ov, z.s., kter\u00fd sdru\u017euje lidi,<br \/>\n        pro kter\u00e9 je letectv\u00ed nejen kon\u00ed\u010dkem, ale i v\u00e1\u0161n\u00ed a zp\u016fsobem seberealizace.\n      <\/p>\n<p style=\"font-size: 19px; line-height: 1.8; margin: 0; color: #333;\">\n        Nab\u00edz\u00edme v\u00fdcvik pilot\u016f ve spolupr\u00e1ci s leteck\u00fdmi \u0161kolami \u2013 v\u010detn\u011b pr\u016fkazu pilota ultralehk\u00fdch letoun\u016f (ULL)<br \/>\n        a kvalifikace pro \u0159\u00edzen\u00e9 lety VFR.\n      <\/p>\n<\/p><\/div>\n<p>    <!-- OBR\u00c1ZEK --><\/p>\n<div style=\"flex: 1; min-width: 300px;\">\n      <img decoding=\"async\"\n        src=\"https:\/\/letani-zabreh.cz\/wp-content\/uploads\/2025\/02\/galerie-lkz-008.jpg\"\n        alt=\"Leteck\u00fd pohled na okol\u00ed Z\u00e1b\u0159ehu\"\n        style=\"width: 100%; border-radius: 16px; display: block; box-shadow: 0 12px 30px rgba(0,0,0,0.12);\"\n      >\n    <\/div>\n<\/p><\/div>\n<\/section>\n","protected":false},"excerpt":{"rendered":"<p>O n\u00e1s Psal se rok 2013, kdy do party pilot\u016f p\u0159i\u0161el Bob \u2013 nov\u00e1\u010dek, srdca\u0159 a nad\u0161enec pro l\u00e9t\u00e1n\u00ed. Vid\u011bl potenci\u00e1l ve \u0160kole l\u00e9t\u00e1n\u00ed Ing. Borise Langa a polo\u017eil z\u00e1klady my\u0161lenky klubu rekrea\u010dn\u00edho l\u00e9t\u00e1n\u00ed. Dne 3. listopadu 2014 vznikl Klub l\u00e9t\u00e1n\u00ed Z\u00e1b\u0159eh-Doln\u00ed Bene\u0161ov, z.s., kter\u00fd sdru\u017euje lidi, pro kter\u00e9 je [&hellip;]<\/p>\n","protected":false},"author":1,"featured_media":0,"parent":0,"menu_order":0,"comment_status":"closed","ping_status":"closed","template":"page-templates\/template-pagebuilder-full-width.php","meta":{"footnotes":""},"class_list":["post-4158","page","type-page","status-publish","hentry"],"yoast_head":"<!-- This site is optimized with the Yoast SEO plugin v27.2 - https:\/\/yoast.com\/product\/yoast-seo-wordpress\/ -->\n<title>O n\u00e1s - webbb<\/title>\n<meta name=\"robots\" content=\"noindex, follow, max-snippet:-1, max-image-preview:large, max-video-preview:-1\" \/>\n<meta property=\"og:locale\" content=\"cs_CZ\" \/>\n<meta property=\"og:type\" content=\"article\" \/>\n<meta property=\"og:title\" content=\"O n\u00e1s - webbb\" \/>\n<meta property=\"og:description\" content=\"O n\u00e1s Psal se rok 2013, kdy do party pilot\u016f p\u0159i\u0161el Bob \u2013 nov\u00e1\u010dek, srdca\u0159 a nad\u0161enec pro l\u00e9t\u00e1n\u00ed. Vid\u011bl potenci\u00e1l ve \u0160kole l\u00e9t\u00e1n\u00ed Ing. Borise Langa a polo\u017eil z\u00e1klady my\u0161lenky klubu rekrea\u010dn\u00edho l\u00e9t\u00e1n\u00ed. Dne 3. listopadu 2014 vznikl Klub l\u00e9t\u00e1n\u00ed Z\u00e1b\u0159eh-Doln\u00ed Bene\u0161ov, z.s., kter\u00fd sdru\u017euje lidi, pro kter\u00e9 je [&hellip;]\" \/>\n<meta property=\"og:url\" content=\"https:\/\/it2502.sspu-opava.eu\/?page_id=4158\" \/>\n<meta property=\"og:site_name\" content=\"webbb\" \/>\n<meta property=\"article:modified_time\" content=\"2026-04-07T18:26:37+00:00\" \/>\n<meta name=\"twitter:card\" content=\"summary_large_image\" \/>\n<meta name=\"twitter:label1\" content=\"Odhadovan\u00e1 doba \u010dten\u00ed\" \/>\n\t<meta name=\"twitter:data1\" content=\"1 minuta\" \/>\n<script type=\"application\/ld+json\" class=\"yoast-schema-graph\">{\"@context\":\"https:\/\/schema.org\",\"@graph\":[{\"@type\":\"WebPage\",\"@id\":\"https:\/\/it2502.sspu-opava.eu\/?page_id=4158\",\"url\":\"https:\/\/it2502.sspu-opava.eu\/?page_id=4158\",\"name\":\"O n\u00e1s - webbb\",\"isPartOf\":{\"@id\":\"https:\/\/it2502.sspu-opava.eu\/#website\"},\"datePublished\":\"2026-04-07T16:31:12+00:00\",\"dateModified\":\"2026-04-07T18:26:37+00:00\",\"breadcrumb\":{\"@id\":\"https:\/\/it2502.sspu-opava.eu\/?page_id=4158#breadcrumb\"},\"inLanguage\":\"cs\",\"potentialAction\":[{\"@type\":\"ReadAction\",\"target\":[\"https:\/\/it2502.sspu-opava.eu\/?page_id=4158\"]}]},{\"@type\":\"BreadcrumbList\",\"@id\":\"https:\/\/it2502.sspu-opava.eu\/?page_id=4158#breadcrumb\",\"itemListElement\":[{\"@type\":\"ListItem\",\"position\":1,\"name\":\"Dom\u016f\",\"item\":\"https:\/\/it2502.sspu-opava.eu\/\"},{\"@type\":\"ListItem\",\"position\":2,\"name\":\"O n\u00e1s\"}]},{\"@type\":\"WebSite\",\"@id\":\"https:\/\/it2502.sspu-opava.eu\/#website\",\"url\":\"https:\/\/it2502.sspu-opava.eu\/\",\"name\":\"webbb\",\"description\":\"\",\"potentialAction\":[{\"@type\":\"SearchAction\",\"target\":{\"@type\":\"EntryPoint\",\"urlTemplate\":\"https:\/\/it2502.sspu-opava.eu\/?s={search_term_string}\"},\"query-input\":{\"@type\":\"PropertyValueSpecification\",\"valueRequired\":true,\"valueName\":\"search_term_string\"}}],\"inLanguage\":\"cs\"}]}<\/script>\n<!-- \/ Yoast SEO plugin. -->","yoast_head_json":{"title":"O n\u00e1s - webbb","robots":{"index":"noindex","follow":"follow","max-snippet":"max-snippet:-1","max-image-preview":"max-image-preview:large","max-video-preview":"max-video-preview:-1"},"og_locale":"cs_CZ","og_type":"article","og_title":"O n\u00e1s - webbb","og_description":"O n\u00e1s Psal se rok 2013, kdy do party pilot\u016f p\u0159i\u0161el Bob \u2013 nov\u00e1\u010dek, srdca\u0159 a nad\u0161enec pro l\u00e9t\u00e1n\u00ed. Vid\u011bl potenci\u00e1l ve \u0160kole l\u00e9t\u00e1n\u00ed Ing. Borise Langa a polo\u017eil z\u00e1klady my\u0161lenky klubu rekrea\u010dn\u00edho l\u00e9t\u00e1n\u00ed. Dne 3. listopadu 2014 vznikl Klub l\u00e9t\u00e1n\u00ed Z\u00e1b\u0159eh-Doln\u00ed Bene\u0161ov, z.s., kter\u00fd sdru\u017euje lidi, pro kter\u00e9 je [&hellip;]","og_url":"https:\/\/it2502.sspu-opava.eu\/?page_id=4158","og_site_name":"webbb","article_modified_time":"2026-04-07T18:26:37+00:00","twitter_card":"summary_large_image","twitter_misc":{"Odhadovan\u00e1 doba \u010dten\u00ed":"1 minuta"},"schema":{"@context":"https:\/\/schema.org","@graph":[{"@type":"WebPage","@id":"https:\/\/it2502.sspu-opava.eu\/?page_id=4158","url":"https:\/\/it2502.sspu-opava.eu\/?page_id=4158","name":"O n\u00e1s - webbb","isPartOf":{"@id":"https:\/\/it2502.sspu-opava.eu\/#website"},"datePublished":"2026-04-07T16:31:12+00:00","dateModified":"2026-04-07T18:26:37+00:00","breadcrumb":{"@id":"https:\/\/it2502.sspu-opava.eu\/?page_id=4158#breadcrumb"},"inLanguage":"cs","potentialAction":[{"@type":"ReadAction","target":["https:\/\/it2502.sspu-opava.eu\/?page_id=4158"]}]},{"@type":"BreadcrumbList","@id":"https:\/\/it2502.sspu-opava.eu\/?page_id=4158#breadcrumb","itemListElement":[{"@type":"ListItem","position":1,"name":"Dom\u016f","item":"https:\/\/it2502.sspu-opava.eu\/"},{"@type":"ListItem","position":2,"name":"O n\u00e1s"}]},{"@type":"WebSite","@id":"https:\/\/it2502.sspu-opava.eu\/#website","url":"https:\/\/it2502.sspu-opava.eu\/","name":"webbb","description":"","potentialAction":[{"@type":"SearchAction","target":{"@type":"EntryPoint","urlTemplate":"https:\/\/it2502.sspu-opava.eu\/?s={search_term_string}"},"query-input":{"@type":"PropertyValueSpecification","valueRequired":true,"valueName":"search_term_string"}}],"inLanguage":"cs"}]}},"_links":{"self":[{"href":"https:\/\/it2502.sspu-opava.eu\/index.php?rest_route=\/wp\/v2\/pages\/4158","targetHints":{"allow":["GET"]}}],"collection":[{"href":"https:\/\/it2502.sspu-opava.eu\/index.php?rest_route=\/wp\/v2\/pages"}],"about":[{"href":"https:\/\/it2502.sspu-opava.eu\/index.php?rest_route=\/wp\/v2\/types\/page"}],"author":[{"embeddable":true,"href":"https:\/\/it2502.sspu-opava.eu\/index.php?rest_route=\/wp\/v2\/users\/1"}],"replies":[{"embeddable":true,"href":"https:\/\/it2502.sspu-opava.eu\/index.php?rest_route=%2Fwp%2Fv2%2Fcomments&post=4158"}],"version-history":[{"count":4,"href":"https:\/\/it2502.sspu-opava.eu\/index.php?rest_route=\/wp\/v2\/pages\/4158\/revisions"}],"predecessor-version":[{"id":4189,"href":"https:\/\/it2502.sspu-opava.eu\/index.php?rest_route=\/wp\/v2\/pages\/4158\/revisions\/4189"}],"wp:attachment":[{"href":"https:\/\/it2502.sspu-opava.eu\/index.php?rest_route=%2Fwp%2Fv2%2Fmedia&parent=4158"}],"curies":[{"name":"wp","href":"https:\/\/api.w.org\/{rel}","templated":true}]}}