{"id":4168,"date":"2026-04-07T19:18:07","date_gmt":"2026-04-07T17:18:07","guid":{"rendered":"https:\/\/it2502.sspu-opava.eu\/?page_id=4168"},"modified":"2026-04-07T19:18:14","modified_gmt":"2026-04-07T17:18:14","slug":"kontakty","status":"publish","type":"page","link":"https:\/\/it2502.sspu-opava.eu\/?page_id=4168","title":{"rendered":"Kontakty"},"content":{"rendered":"<section style=\"max-width: 1000px; margin: 0 auto; padding: 80px 20px;\">\n<h1 style=\"font-size: 42px; margin-bottom: 50px; color: #1f3b5b; text-align: center;\">\n    Kontakt<br \/>\n  <\/h1>\n<div style=\"display: flex; flex-wrap: wrap; gap: 30px;\">\n<p>    <!-- KONTAKTY --><\/p>\n<div style=\"flex: 1; min-width: 280px; background: #ffffff; border-radius: 20px; padding: 30px; box-shadow: 0 12px 30px rgba(0,0,0,0.08);\">\n<h2 style=\"margin-bottom: 20px; color: #1f3b5b;\">Kontaktn\u00ed \u00fadaje<\/h2>\n<p><strong>Email:<\/strong><br \/>klub@letani-zabreh.cz<\/p>\n<p><strong>Telefon:<\/strong><br \/>+420 737 871 590<\/p>\n<p><strong>Web:<\/strong><br \/>\n        <a href=\"https:\/\/letani-zabreh.cz\" target=\"_blank\">letani-zabreh.cz<\/a>\n      <\/p>\n<\/p><\/div>\n<p>    <!-- ADRESA --><\/p>\n<div style=\"flex: 1; min-width: 280px; background: #ffffff; border-radius: 20px; padding: 30px; box-shadow: 0 12px 30px rgba(0,0,0,0.08);\">\n<h2 style=\"margin-bottom: 20px; color: #1f3b5b;\">Adresa<\/h2>\n<p>\n        Klub l\u00e9t\u00e1n\u00ed Z\u00e1b\u0159eh \u2013 Doln\u00ed Bene\u0161ov, z.s.<br \/>\n        Dobrovsk\u00e9ho 874\/29<br \/>\n        P\u0159\u00edvoz, 702 00 Ostrava\n      <\/p>\n<p style=\"margin-top: 20px;\">\n        <strong>Leti\u0161t\u011b:<\/strong><br \/>\n        Leti\u0161t\u011b Z\u00e1b\u0159eh, Doln\u00ed Bene\u0161ov<br \/>\n        747 22\n      <\/p>\n<\/p><\/div>\n<p>    <!-- D\u016eLE\u017dIT\u00c9 INFO --><\/p>\n<div style=\"flex: 1; min-width: 280px; background: #ffffff; border-radius: 20px; padding: 30px; box-shadow: 0 12px 30px rgba(0,0,0,0.08);\">\n<h2 style=\"margin-bottom: 20px; color: #1f3b5b;\">D\u016fle\u017eit\u00e9 informace<\/h2>\n<p><strong>I\u010c:<\/strong><br \/>03522245<\/p>\n<p><strong>Bankovn\u00ed spojen\u00ed:<\/strong><br \/>2100690327 \/ 2010 (FIO Banka)<\/p>\n<\/p><\/div>\n<\/p><\/div>\n<\/section>\n","protected":false},"excerpt":{"rendered":"<p>Kontakt Kontaktn\u00ed \u00fadaje Email:klub@letani-zabreh.cz Telefon:+420 737 871 590 Web: letani-zabreh.cz Adresa Klub l\u00e9t\u00e1n\u00ed Z\u00e1b\u0159eh \u2013 Doln\u00ed Bene\u0161ov, z.s. Dobrovsk\u00e9ho 874\/29 P\u0159\u00edvoz, 702 00 Ostrava Leti\u0161t\u011b: Leti\u0161t\u011b Z\u00e1b\u0159eh, Doln\u00ed Bene\u0161ov 747 22 D\u016fle\u017eit\u00e9 informace I\u010c:03522245 Bankovn\u00ed spojen\u00ed:2100690327 \/ 2010 (FIO Banka)<\/p>\n","protected":false},"author":1,"featured_media":0,"parent":0,"menu_order":0,"comment_status":"closed","ping_status":"closed","template":"","meta":{"footnotes":""},"class_list":["post-4168","page","type-page","status-publish","hentry"],"yoast_head":"<!-- This site is optimized with the Yoast SEO plugin v27.2 - https:\/\/yoast.com\/product\/yoast-seo-wordpress\/ -->\n<title>Kontakty - webbb<\/title>\n<meta name=\"robots\" content=\"noindex, follow, max-snippet:-1, max-image-preview:large, max-video-preview:-1\" \/>\n<meta property=\"og:locale\" content=\"cs_CZ\" \/>\n<meta property=\"og:type\" content=\"article\" \/>\n<meta property=\"og:title\" content=\"Kontakty - webbb\" \/>\n<meta property=\"og:description\" content=\"Kontakt Kontaktn\u00ed \u00fadaje Email:klub@letani-zabreh.cz Telefon:+420 737 871 590 Web: letani-zabreh.cz Adresa Klub l\u00e9t\u00e1n\u00ed Z\u00e1b\u0159eh \u2013 Doln\u00ed Bene\u0161ov, z.s. Dobrovsk\u00e9ho 874\/29 P\u0159\u00edvoz, 702 00 Ostrava Leti\u0161t\u011b: Leti\u0161t\u011b Z\u00e1b\u0159eh, Doln\u00ed Bene\u0161ov 747 22 D\u016fle\u017eit\u00e9 informace I\u010c:03522245 Bankovn\u00ed spojen\u00ed:2100690327 \/ 2010 (FIO Banka)\" \/>\n<meta property=\"og:url\" content=\"https:\/\/it2502.sspu-opava.eu\/?page_id=4168\" \/>\n<meta property=\"og:site_name\" content=\"webbb\" \/>\n<meta property=\"article:modified_time\" content=\"2026-04-07T17:18:14+00:00\" \/>\n<meta name=\"twitter:card\" content=\"summary_large_image\" \/>\n<meta name=\"twitter:label1\" content=\"Odhadovan\u00e1 doba \u010dten\u00ed\" \/>\n\t<meta name=\"twitter:data1\" content=\"1 minuta\" \/>\n<script type=\"application\/ld+json\" class=\"yoast-schema-graph\">{\"@context\":\"https:\/\/schema.org\",\"@graph\":[{\"@type\":\"WebPage\",\"@id\":\"https:\/\/it2502.sspu-opava.eu\/?page_id=4168\",\"url\":\"https:\/\/it2502.sspu-opava.eu\/?page_id=4168\",\"name\":\"Kontakty - webbb\",\"isPartOf\":{\"@id\":\"https:\/\/it2502.sspu-opava.eu\/#website\"},\"datePublished\":\"2026-04-07T17:18:07+00:00\",\"dateModified\":\"2026-04-07T17:18:14+00:00\",\"breadcrumb\":{\"@id\":\"https:\/\/it2502.sspu-opava.eu\/?page_id=4168#breadcrumb\"},\"inLanguage\":\"cs\",\"potentialAction\":[{\"@type\":\"ReadAction\",\"target\":[\"https:\/\/it2502.sspu-opava.eu\/?page_id=4168\"]}]},{\"@type\":\"BreadcrumbList\",\"@id\":\"https:\/\/it2502.sspu-opava.eu\/?page_id=4168#breadcrumb\",\"itemListElement\":[{\"@type\":\"ListItem\",\"position\":1,\"name\":\"Dom\u016f\",\"item\":\"https:\/\/it2502.sspu-opava.eu\/\"},{\"@type\":\"ListItem\",\"position\":2,\"name\":\"Kontakty\"}]},{\"@type\":\"WebSite\",\"@id\":\"https:\/\/it2502.sspu-opava.eu\/#website\",\"url\":\"https:\/\/it2502.sspu-opava.eu\/\",\"name\":\"webbb\",\"description\":\"\",\"potentialAction\":[{\"@type\":\"SearchAction\",\"target\":{\"@type\":\"EntryPoint\",\"urlTemplate\":\"https:\/\/it2502.sspu-opava.eu\/?s={search_term_string}\"},\"query-input\":{\"@type\":\"PropertyValueSpecification\",\"valueRequired\":true,\"valueName\":\"search_term_string\"}}],\"inLanguage\":\"cs\"}]}<\/script>\n<!-- \/ Yoast SEO plugin. -->","yoast_head_json":{"title":"Kontakty - webbb","robots":{"index":"noindex","follow":"follow","max-snippet":"max-snippet:-1","max-image-preview":"max-image-preview:large","max-video-preview":"max-video-preview:-1"},"og_locale":"cs_CZ","og_type":"article","og_title":"Kontakty - webbb","og_description":"Kontakt Kontaktn\u00ed \u00fadaje Email:klub@letani-zabreh.cz Telefon:+420 737 871 590 Web: letani-zabreh.cz Adresa Klub l\u00e9t\u00e1n\u00ed Z\u00e1b\u0159eh \u2013 Doln\u00ed Bene\u0161ov, z.s. Dobrovsk\u00e9ho 874\/29 P\u0159\u00edvoz, 702 00 Ostrava Leti\u0161t\u011b: Leti\u0161t\u011b Z\u00e1b\u0159eh, Doln\u00ed Bene\u0161ov 747 22 D\u016fle\u017eit\u00e9 informace I\u010c:03522245 Bankovn\u00ed spojen\u00ed:2100690327 \/ 2010 (FIO Banka)","og_url":"https:\/\/it2502.sspu-opava.eu\/?page_id=4168","og_site_name":"webbb","article_modified_time":"2026-04-07T17:18:14+00:00","twitter_card":"summary_large_image","twitter_misc":{"Odhadovan\u00e1 doba \u010dten\u00ed":"1 minuta"},"schema":{"@context":"https:\/\/schema.org","@graph":[{"@type":"WebPage","@id":"https:\/\/it2502.sspu-opava.eu\/?page_id=4168","url":"https:\/\/it2502.sspu-opava.eu\/?page_id=4168","name":"Kontakty - webbb","isPartOf":{"@id":"https:\/\/it2502.sspu-opava.eu\/#website"},"datePublished":"2026-04-07T17:18:07+00:00","dateModified":"2026-04-07T17:18:14+00:00","breadcrumb":{"@id":"https:\/\/it2502.sspu-opava.eu\/?page_id=4168#breadcrumb"},"inLanguage":"cs","potentialAction":[{"@type":"ReadAction","target":["https:\/\/it2502.sspu-opava.eu\/?page_id=4168"]}]},{"@type":"BreadcrumbList","@id":"https:\/\/it2502.sspu-opava.eu\/?page_id=4168#breadcrumb","itemListElement":[{"@type":"ListItem","position":1,"name":"Dom\u016f","item":"https:\/\/it2502.sspu-opava.eu\/"},{"@type":"ListItem","position":2,"name":"Kontakty"}]},{"@type":"WebSite","@id":"https:\/\/it2502.sspu-opava.eu\/#website","url":"https:\/\/it2502.sspu-opava.eu\/","name":"webbb","description":"","potentialAction":[{"@type":"SearchAction","target":{"@type":"EntryPoint","urlTemplate":"https:\/\/it2502.sspu-opava.eu\/?s={search_term_string}"},"query-input":{"@type":"PropertyValueSpecification","valueRequired":true,"valueName":"search_term_string"}}],"inLanguage":"cs"}]}},"_links":{"self":[{"href":"https:\/\/it2502.sspu-opava.eu\/index.php?rest_route=\/wp\/v2\/pages\/4168","targetHints":{"allow":["GET"]}}],"collection":[{"href":"https:\/\/it2502.sspu-opava.eu\/index.php?rest_route=\/wp\/v2\/pages"}],"about":[{"href":"https:\/\/it2502.sspu-opava.eu\/index.php?rest_route=\/wp\/v2\/types\/page"}],"author":[{"embeddable":true,"href":"https:\/\/it2502.sspu-opava.eu\/index.php?rest_route=\/wp\/v2\/users\/1"}],"replies":[{"embeddable":true,"href":"https:\/\/it2502.sspu-opava.eu\/index.php?rest_route=%2Fwp%2Fv2%2Fcomments&post=4168"}],"version-history":[{"count":1,"href":"https:\/\/it2502.sspu-opava.eu\/index.php?rest_route=\/wp\/v2\/pages\/4168\/revisions"}],"predecessor-version":[{"id":4169,"href":"https:\/\/it2502.sspu-opava.eu\/index.php?rest_route=\/wp\/v2\/pages\/4168\/revisions\/4169"}],"wp:attachment":[{"href":"https:\/\/it2502.sspu-opava.eu\/index.php?rest_route=%2Fwp%2Fv2%2Fmedia&parent=4168"}],"curies":[{"name":"wp","href":"https:\/\/api.w.org\/{rel}","templated":true}]}}