{"id":4170,"date":"2026-04-07T19:22:37","date_gmt":"2026-04-07T17:22:37","guid":{"rendered":"https:\/\/it2502.sspu-opava.eu\/?page_id=4170"},"modified":"2026-04-07T19:28:36","modified_gmt":"2026-04-07T17:28:36","slug":"nazev","status":"publish","type":"page","link":"https:\/\/it2502.sspu-opava.eu\/?page_id=4170","title":{"rendered":"Pro \u010dleny"},"content":{"rendered":"","protected":true},"excerpt":{"rendered":"","protected":true},"author":1,"featured_media":0,"parent":0,"menu_order":0,"comment_status":"closed","ping_status":"closed","template":"","meta":{"footnotes":""},"class_list":["post-4170","page","type-page","status-publish","post-password-required","hentry"],"yoast_head":"<!-- This site is optimized with the Yoast SEO plugin v27.2 - https:\/\/yoast.com\/product\/yoast-seo-wordpress\/ -->\n<title>Pro \u010dleny - webbb<\/title>\n<meta name=\"robots\" content=\"noindex, follow, max-snippet:-1, max-image-preview:large, max-video-preview:-1\" \/>\n<meta property=\"og:locale\" content=\"cs_CZ\" \/>\n<meta property=\"og:type\" content=\"article\" \/>\n<meta property=\"og:title\" content=\"Pro \u010dleny - webbb\" \/>\n<meta property=\"og:description\" content=\"Stru\u010dn\u00fd obsah p\u0159\u00edsp\u011bvku zde nen\u00ed uveden, proto\u017ee je tento p\u0159\u00edsp\u011bvek chr\u00e1n\u011bn heslem.\" \/>\n<meta property=\"og:url\" content=\"https:\/\/it2502.sspu-opava.eu\/?page_id=4170\" \/>\n<meta property=\"og:site_name\" content=\"webbb\" \/>\n<meta property=\"article:modified_time\" content=\"2026-04-07T17:28:36+00:00\" \/>\n<meta name=\"twitter:card\" content=\"summary_large_image\" \/>\n<meta name=\"twitter:label1\" content=\"Odhadovan\u00e1 doba \u010dten\u00ed\" \/>\n\t<meta name=\"twitter:data1\" content=\"1 minuta\" \/>\n<script type=\"application\/ld+json\" class=\"yoast-schema-graph\">{\"@context\":\"https:\/\/schema.org\",\"@graph\":[{\"@type\":\"WebPage\",\"@id\":\"https:\/\/it2502.sspu-opava.eu\/?page_id=4170\",\"url\":\"https:\/\/it2502.sspu-opava.eu\/?page_id=4170\",\"name\":\"Pro \u010dleny - webbb\",\"isPartOf\":{\"@id\":\"https:\/\/it2502.sspu-opava.eu\/#website\"},\"datePublished\":\"2026-04-07T17:22:37+00:00\",\"dateModified\":\"2026-04-07T17:28:36+00:00\",\"breadcrumb\":{\"@id\":\"https:\/\/it2502.sspu-opava.eu\/?page_id=4170#breadcrumb\"},\"inLanguage\":\"cs\"},{\"@type\":\"WebSite\",\"@id\":\"https:\/\/it2502.sspu-opava.eu\/#website\",\"url\":\"https:\/\/it2502.sspu-opava.eu\/\",\"name\":\"webbb\",\"description\":\"\",\"potentialAction\":[{\"@type\":\"SearchAction\",\"target\":{\"@type\":\"EntryPoint\",\"urlTemplate\":\"https:\/\/it2502.sspu-opava.eu\/?s={search_term_string}\"},\"query-input\":{\"@type\":\"PropertyValueSpecification\",\"valueRequired\":true,\"valueName\":\"search_term_string\"}}],\"inLanguage\":\"cs\"}]}<\/script>\n<!-- \/ Yoast SEO plugin. -->","yoast_head_json":{"title":"Pro \u010dleny - webbb","robots":{"index":"noindex","follow":"follow","max-snippet":"max-snippet:-1","max-image-preview":"max-image-preview:large","max-video-preview":"max-video-preview:-1"},"og_locale":"cs_CZ","og_type":"article","og_title":"Pro \u010dleny - webbb","og_description":"Stru\u010dn\u00fd obsah p\u0159\u00edsp\u011bvku zde nen\u00ed uveden, proto\u017ee je tento p\u0159\u00edsp\u011bvek chr\u00e1n\u011bn heslem.","og_url":"https:\/\/it2502.sspu-opava.eu\/?page_id=4170","og_site_name":"webbb","article_modified_time":"2026-04-07T17:28:36+00:00","twitter_card":"summary_large_image","twitter_misc":{"Odhadovan\u00e1 doba \u010dten\u00ed":"1 minuta"},"schema":{"@context":"https:\/\/schema.org","@graph":[{"@type":"WebPage","@id":"https:\/\/it2502.sspu-opava.eu\/?page_id=4170","url":"https:\/\/it2502.sspu-opava.eu\/?page_id=4170","name":"Pro \u010dleny - webbb","isPartOf":{"@id":"https:\/\/it2502.sspu-opava.eu\/#website"},"datePublished":"2026-04-07T17:22:37+00:00","dateModified":"2026-04-07T17:28:36+00:00","breadcrumb":{"@id":"https:\/\/it2502.sspu-opava.eu\/?page_id=4170#breadcrumb"},"inLanguage":"cs"},{"@type":"WebSite","@id":"https:\/\/it2502.sspu-opava.eu\/#website","url":"https:\/\/it2502.sspu-opava.eu\/","name":"webbb","description":"","potentialAction":[{"@type":"SearchAction","target":{"@type":"EntryPoint","urlTemplate":"https:\/\/it2502.sspu-opava.eu\/?s={search_term_string}"},"query-input":{"@type":"PropertyValueSpecification","valueRequired":true,"valueName":"search_term_string"}}],"inLanguage":"cs"}]}},"_links":{"self":[{"href":"https:\/\/it2502.sspu-opava.eu\/index.php?rest_route=\/wp\/v2\/pages\/4170","targetHints":{"allow":["GET"]}}],"collection":[{"href":"https:\/\/it2502.sspu-opava.eu\/index.php?rest_route=\/wp\/v2\/pages"}],"about":[{"href":"https:\/\/it2502.sspu-opava.eu\/index.php?rest_route=\/wp\/v2\/types\/page"}],"author":[{"embeddable":true,"href":"https:\/\/it2502.sspu-opava.eu\/index.php?rest_route=\/wp\/v2\/users\/1"}],"replies":[{"embeddable":true,"href":"https:\/\/it2502.sspu-opava.eu\/index.php?rest_route=%2Fwp%2Fv2%2Fcomments&post=4170"}],"version-history":[{"count":2,"href":"https:\/\/it2502.sspu-opava.eu\/index.php?rest_route=\/wp\/v2\/pages\/4170\/revisions"}],"predecessor-version":[{"id":4172,"href":"https:\/\/it2502.sspu-opava.eu\/index.php?rest_route=\/wp\/v2\/pages\/4170\/revisions\/4172"}],"wp:attachment":[{"href":"https:\/\/it2502.sspu-opava.eu\/index.php?rest_route=%2Fwp%2Fv2%2Fmedia&parent=4170"}],"curies":[{"name":"wp","href":"https:\/\/api.w.org\/{rel}","templated":true}]}}