{"id":4173,"date":"2026-04-07T19:29:35","date_gmt":"2026-04-07T17:29:35","guid":{"rendered":"https:\/\/it2502.sspu-opava.eu\/?page_id=4173"},"modified":"2026-04-07T19:37:00","modified_gmt":"2026-04-07T17:37:00","slug":"galerie","status":"publish","type":"page","link":"https:\/\/it2502.sspu-opava.eu\/?page_id=4173","title":{"rendered":"Galerie"},"content":{"rendered":"<section style=\"max-width: 1200px; margin: 0 auto; padding: 80px 20px;\">\n<h1 style=\"font-size: 42px; margin-bottom: 50px; color: #1f3b5b; text-align: center;\">\n    Galerie<br \/>\n  <\/h1>\n<div style=\"display: grid; grid-template-columns: repeat(auto-fit, minmax(260px, 1fr)); gap: 20px;\">\n<p>    <img decoding=\"async\" src=\"https:\/\/letani-zabreh.cz\/wp-content\/uploads\/2025\/02\/galerie-lkz-008.jpg\" style=\"width:100%; border-radius:16px;\"><br \/>\n    <img decoding=\"async\" src=\"https:\/\/letani-zabreh.cz\/wp-content\/uploads\/2025\/02\/galerie-lkz-006.jpg\" style=\"width:100%; border-radius:16px;\"><br \/>\n    <img decoding=\"async\" src=\"https:\/\/letani-zabreh.cz\/wp-content\/uploads\/2025\/02\/galerie-lkz-009.jpg\" style=\"width:100%; border-radius:16px;\"><br \/>\n    <img decoding=\"async\" src=\"https:\/\/letani-zabreh.cz\/wp-content\/uploads\/2025\/02\/galerie-lkz-004.jpg\" style=\"width:100%; border-radius:16px;\"><br \/>\n    <img decoding=\"async\" src=\"https:\/\/letani-zabreh.cz\/wp-content\/uploads\/2025\/02\/galerie-lkz-005.jpg\" style=\"width:100%; border-radius:16px;\"><br \/>\n    <img decoding=\"async\" src=\"https:\/\/letani-zabreh.cz\/wp-content\/uploads\/2025\/02\/galerie-lkz-007.jpg\" style=\"width:100%; border-radius:16px;\"><\/p>\n<p>    <!-- NOV\u00c9 --><br \/>\n    <img decoding=\"async\" src=\"https:\/\/letani-zabreh.cz\/wp-content\/uploads\/2025\/02\/galerie-lkz-032.jpg\" style=\"width:100%; border-radius:16px;\"><br \/>\n    <img decoding=\"async\" src=\"https:\/\/letani-zabreh.cz\/wp-content\/uploads\/2025\/02\/galerie-lkz-028.jpg\" style=\"width:100%; border-radius:16px;\"><br \/>\n    <img decoding=\"async\" src=\"https:\/\/letani-zabreh.cz\/wp-content\/uploads\/2025\/02\/galerie-lkz-035.jpg\" style=\"width:100%; border-radius:16px;\"><br \/>\n    <img decoding=\"async\" src=\"https:\/\/letani-zabreh.cz\/wp-content\/uploads\/2025\/02\/galerie-lkz-037.jpg\" style=\"width:100%; border-radius:16px;\"><br \/>\n    <img decoding=\"async\" src=\"https:\/\/letani-zabreh.cz\/wp-content\/uploads\/2025\/02\/galerie-lkz-041.jpg\" style=\"width:100%; border-radius:16px;\"><\/p><\/div>\n<\/section>\n","protected":false},"excerpt":{"rendered":"<p>Galerie<\/p>\n","protected":false},"author":1,"featured_media":0,"parent":0,"menu_order":0,"comment_status":"closed","ping_status":"closed","template":"","meta":{"footnotes":""},"class_list":["post-4173","page","type-page","status-publish","hentry"],"yoast_head":"<!-- This site is optimized with the Yoast SEO plugin v27.2 - https:\/\/yoast.com\/product\/yoast-seo-wordpress\/ -->\n<title>Galerie - webbb<\/title>\n<meta name=\"robots\" content=\"noindex, follow, max-snippet:-1, max-image-preview:large, max-video-preview:-1\" \/>\n<meta property=\"og:locale\" content=\"cs_CZ\" \/>\n<meta property=\"og:type\" content=\"article\" \/>\n<meta property=\"og:title\" content=\"Galerie - webbb\" \/>\n<meta property=\"og:description\" content=\"Galerie\" \/>\n<meta property=\"og:url\" content=\"https:\/\/it2502.sspu-opava.eu\/?page_id=4173\" \/>\n<meta property=\"og:site_name\" content=\"webbb\" \/>\n<meta property=\"article:modified_time\" content=\"2026-04-07T17:37:00+00:00\" \/>\n<meta property=\"og:image\" content=\"https:\/\/letani-zabreh.cz\/wp-content\/uploads\/2025\/02\/galerie-lkz-008.jpg\" \/>\n<meta name=\"twitter:card\" content=\"summary_large_image\" \/>\n<meta name=\"twitter:label1\" content=\"Odhadovan\u00e1 doba \u010dten\u00ed\" \/>\n\t<meta name=\"twitter:data1\" content=\"3 minuty\" \/>\n<script type=\"application\/ld+json\" class=\"yoast-schema-graph\">{\"@context\":\"https:\/\/schema.org\",\"@graph\":[{\"@type\":\"WebPage\",\"@id\":\"https:\/\/it2502.sspu-opava.eu\/?page_id=4173\",\"url\":\"https:\/\/it2502.sspu-opava.eu\/?page_id=4173\",\"name\":\"Galerie - webbb\",\"isPartOf\":{\"@id\":\"https:\/\/it2502.sspu-opava.eu\/#website\"},\"primaryImageOfPage\":{\"@id\":\"https:\/\/it2502.sspu-opava.eu\/?page_id=4173#primaryimage\"},\"image\":{\"@id\":\"https:\/\/it2502.sspu-opava.eu\/?page_id=4173#primaryimage\"},\"thumbnailUrl\":\"https:\/\/letani-zabreh.cz\/wp-content\/uploads\/2025\/02\/galerie-lkz-008.jpg\",\"datePublished\":\"2026-04-07T17:29:35+00:00\",\"dateModified\":\"2026-04-07T17:37:00+00:00\",\"breadcrumb\":{\"@id\":\"https:\/\/it2502.sspu-opava.eu\/?page_id=4173#breadcrumb\"},\"inLanguage\":\"cs\",\"potentialAction\":[{\"@type\":\"ReadAction\",\"target\":[\"https:\/\/it2502.sspu-opava.eu\/?page_id=4173\"]}]},{\"@type\":\"ImageObject\",\"inLanguage\":\"cs\",\"@id\":\"https:\/\/it2502.sspu-opava.eu\/?page_id=4173#primaryimage\",\"url\":\"https:\/\/letani-zabreh.cz\/wp-content\/uploads\/2025\/02\/galerie-lkz-008.jpg\",\"contentUrl\":\"https:\/\/letani-zabreh.cz\/wp-content\/uploads\/2025\/02\/galerie-lkz-008.jpg\"},{\"@type\":\"BreadcrumbList\",\"@id\":\"https:\/\/it2502.sspu-opava.eu\/?page_id=4173#breadcrumb\",\"itemListElement\":[{\"@type\":\"ListItem\",\"position\":1,\"name\":\"Dom\u016f\",\"item\":\"https:\/\/it2502.sspu-opava.eu\/\"},{\"@type\":\"ListItem\",\"position\":2,\"name\":\"Galerie\"}]},{\"@type\":\"WebSite\",\"@id\":\"https:\/\/it2502.sspu-opava.eu\/#website\",\"url\":\"https:\/\/it2502.sspu-opava.eu\/\",\"name\":\"webbb\",\"description\":\"\",\"potentialAction\":[{\"@type\":\"SearchAction\",\"target\":{\"@type\":\"EntryPoint\",\"urlTemplate\":\"https:\/\/it2502.sspu-opava.eu\/?s={search_term_string}\"},\"query-input\":{\"@type\":\"PropertyValueSpecification\",\"valueRequired\":true,\"valueName\":\"search_term_string\"}}],\"inLanguage\":\"cs\"}]}<\/script>\n<!-- \/ Yoast SEO plugin. -->","yoast_head_json":{"title":"Galerie - webbb","robots":{"index":"noindex","follow":"follow","max-snippet":"max-snippet:-1","max-image-preview":"max-image-preview:large","max-video-preview":"max-video-preview:-1"},"og_locale":"cs_CZ","og_type":"article","og_title":"Galerie - webbb","og_description":"Galerie","og_url":"https:\/\/it2502.sspu-opava.eu\/?page_id=4173","og_site_name":"webbb","article_modified_time":"2026-04-07T17:37:00+00:00","og_image":[{"url":"https:\/\/letani-zabreh.cz\/wp-content\/uploads\/2025\/02\/galerie-lkz-008.jpg","type":"","width":"","height":""}],"twitter_card":"summary_large_image","twitter_misc":{"Odhadovan\u00e1 doba \u010dten\u00ed":"3 minuty"},"schema":{"@context":"https:\/\/schema.org","@graph":[{"@type":"WebPage","@id":"https:\/\/it2502.sspu-opava.eu\/?page_id=4173","url":"https:\/\/it2502.sspu-opava.eu\/?page_id=4173","name":"Galerie - webbb","isPartOf":{"@id":"https:\/\/it2502.sspu-opava.eu\/#website"},"primaryImageOfPage":{"@id":"https:\/\/it2502.sspu-opava.eu\/?page_id=4173#primaryimage"},"image":{"@id":"https:\/\/it2502.sspu-opava.eu\/?page_id=4173#primaryimage"},"thumbnailUrl":"https:\/\/letani-zabreh.cz\/wp-content\/uploads\/2025\/02\/galerie-lkz-008.jpg","datePublished":"2026-04-07T17:29:35+00:00","dateModified":"2026-04-07T17:37:00+00:00","breadcrumb":{"@id":"https:\/\/it2502.sspu-opava.eu\/?page_id=4173#breadcrumb"},"inLanguage":"cs","potentialAction":[{"@type":"ReadAction","target":["https:\/\/it2502.sspu-opava.eu\/?page_id=4173"]}]},{"@type":"ImageObject","inLanguage":"cs","@id":"https:\/\/it2502.sspu-opava.eu\/?page_id=4173#primaryimage","url":"https:\/\/letani-zabreh.cz\/wp-content\/uploads\/2025\/02\/galerie-lkz-008.jpg","contentUrl":"https:\/\/letani-zabreh.cz\/wp-content\/uploads\/2025\/02\/galerie-lkz-008.jpg"},{"@type":"BreadcrumbList","@id":"https:\/\/it2502.sspu-opava.eu\/?page_id=4173#breadcrumb","itemListElement":[{"@type":"ListItem","position":1,"name":"Dom\u016f","item":"https:\/\/it2502.sspu-opava.eu\/"},{"@type":"ListItem","position":2,"name":"Galerie"}]},{"@type":"WebSite","@id":"https:\/\/it2502.sspu-opava.eu\/#website","url":"https:\/\/it2502.sspu-opava.eu\/","name":"webbb","description":"","potentialAction":[{"@type":"SearchAction","target":{"@type":"EntryPoint","urlTemplate":"https:\/\/it2502.sspu-opava.eu\/?s={search_term_string}"},"query-input":{"@type":"PropertyValueSpecification","valueRequired":true,"valueName":"search_term_string"}}],"inLanguage":"cs"}]}},"_links":{"self":[{"href":"https:\/\/it2502.sspu-opava.eu\/index.php?rest_route=\/wp\/v2\/pages\/4173","targetHints":{"allow":["GET"]}}],"collection":[{"href":"https:\/\/it2502.sspu-opava.eu\/index.php?rest_route=\/wp\/v2\/pages"}],"about":[{"href":"https:\/\/it2502.sspu-opava.eu\/index.php?rest_route=\/wp\/v2\/types\/page"}],"author":[{"embeddable":true,"href":"https:\/\/it2502.sspu-opava.eu\/index.php?rest_route=\/wp\/v2\/users\/1"}],"replies":[{"embeddable":true,"href":"https:\/\/it2502.sspu-opava.eu\/index.php?rest_route=%2Fwp%2Fv2%2Fcomments&post=4173"}],"version-history":[{"count":2,"href":"https:\/\/it2502.sspu-opava.eu\/index.php?rest_route=\/wp\/v2\/pages\/4173\/revisions"}],"predecessor-version":[{"id":4176,"href":"https:\/\/it2502.sspu-opava.eu\/index.php?rest_route=\/wp\/v2\/pages\/4173\/revisions\/4176"}],"wp:attachment":[{"href":"https:\/\/it2502.sspu-opava.eu\/index.php?rest_route=%2Fwp%2Fv2%2Fmedia&parent=4173"}],"curies":[{"name":"wp","href":"https:\/\/api.w.org\/{rel}","templated":true}]}}